{"id":313,"date":"2022-02-25T13:10:41","date_gmt":"2022-02-25T12:10:41","guid":{"rendered":"https:\/\/kaliadesign.de\/?page_id=313"},"modified":"2025-04-13T14:22:53","modified_gmt":"2025-04-13T12:22:53","slug":"kontakt","status":"publish","type":"page","link":"https:\/\/kaliadesign.de\/en\/kontakt\/","title":{"rendered":"Kontakt"},"content":{"rendered":"<p>[et_pb_section fb_built=&#8220;1&#8243; next_background_color=&#8220;#ffffff&#8220; _builder_version=&#8220;4.24.0&#8243; _module_preset=&#8220;default&#8220; background_color=&#8220;#1F4059&#8243; background_image=&#8220;https:\/\/kaliadesign.de\/wp-content\/uploads\/2022\/02\/leistungen-background.png&#8220; background_size=&#8220;initial&#8220; background_position=&#8220;top_left&#8220; bottom_divider_style=&#8220;arrow&#8220; bottom_divider_height=&#8220;70px&#8220; background_last_edited=&#8220;on|phone&#8220; background_enable_image_phone=&#8220;off&#8220; global_colors_info=&#8220;{}&#8220;][et_pb_row _builder_version=&#8220;4.16&#8243; _module_preset=&#8220;default&#8220; global_colors_info=&#8220;{}&#8220;][et_pb_column type=&#8220;4_4&#8243; _builder_version=&#8220;4.16&#8243; _module_preset=&#8220;default&#8220; global_colors_info=&#8220;{}&#8220;][et_pb_text _builder_version=&#8220;4.27.4&#8243; _module_preset=&#8220;default&#8220; text_font=&#8220;Nunito Light||||||||&#8220; text_text_color=&#8220;#FFFFFF&#8220; text_font_size=&#8220;15px&#8220; text_letter_spacing=&#8220;0.5px&#8220; text_line_height=&#8220;1.8em&#8220; header_font=&#8220;Playfair Display Regular||||||||&#8220; header_text_align=&#8220;center&#8220; header_text_color=&#8220;#FFFFFF&#8220; header_3_font=&#8220;Montez||||||||&#8220; header_3_text_align=&#8220;center&#8220; header_3_text_color=&#8220;#D08A99&#8243; header_3_letter_spacing=&#8220;0.5px&#8220; text_orientation=&#8220;center&#8220; background_layout=&#8220;dark&#8220; module_alignment=&#8220;center&#8220; custom_margin=&#8220;||-30px|||&#8220; hover_enabled=&#8220;0&#8243; text_font_size_tablet=&#8220;15px&#8220; text_font_size_phone=&#8220;14px&#8220; text_font_size_last_edited=&#8220;on|phone&#8220; header_font_size_tablet=&#8220;&#8220; header_font_size_phone=&#8220;&#8220; header_font_size_last_edited=&#8220;on|phone&#8220; header_3_font_size_tablet=&#8220;&#8220; header_3_font_size_phone=&#8220;20px&#8220; header_3_font_size_last_edited=&#8220;on|phone&#8220; global_colors_info=&#8220;{}&#8220; sticky_enabled=&#8220;0&#8243;]<\/p>\n<h1 style=\"text-align: center;\">KONTAKT<\/h1>\n<h3>Ich freue mich sehr, dass Sie an eine Zusammenarbeit mit mir denken!<\/h3>\n<p>Der erste Schritt besteht darin, das Kontaktformular auszuf\u00fcllen oder mir eine E-Mail mit all Ihren Fragen und einigen Details zu Ihrem Unternehmen zu senden und wie Sie denken, dass ich Ihnen helfen kann. Ich melde mich in der Regel innerhalb von 48 Stunden zur\u00fcck. <\/p>\n<p>Ich bin in einem kleinen Dorf bei N\u00fcrnberg (Bayern) ans\u00e4ssig und arbeite mit Unternehmen aus N\u00fcrnberg, F\u00fcrth, Erlangen und der Umgebung \u2013 auf Wunsch auch deutschlandweit.<\/p>\n<p>Gut zu wissen: Die Kommunikation ist auf Deutsch, Englisch oder Rum\u00e4nisch m\u00f6glich.<\/p>\n<p>Ich freue mich darauf, von Ihnen zu h\u00f6ren![\/et_pb_text][\/et_pb_column][\/et_pb_row][et_pb_row _builder_version=&#8220;4.16&#8243; _module_preset=&#8220;default&#8220; custom_margin=&#8220;|auto|-141px|auto|false|false&#8220; global_colors_info=&#8220;{}&#8220;][et_pb_column type=&#8220;4_4&#8243; _builder_version=&#8220;4.16&#8243; _module_preset=&#8220;default&#8220; global_colors_info=&#8220;{}&#8220;][et_pb_image src=&#8220;https:\/\/kaliadesign.de\/wp-content\/uploads\/2021\/09\/logowhite2.png&#8220; title_text=&#8220;logowhite2&#8243; align=&#8220;center&#8220; _builder_version=&#8220;4.16&#8243; _module_preset=&#8220;default&#8220; custom_padding=&#8220;0px|||||&#8220; global_colors_info=&#8220;{}&#8220;][\/et_pb_image][\/et_pb_column][\/et_pb_row][\/et_pb_section][et_pb_section fb_built=&#8220;1&#8243; specialty=&#8220;on&#8220; _builder_version=&#8220;4.16&#8243; _module_preset=&#8220;default&#8220; background_color_gradient_start=&#8220;rgba(43,135,218,0)&#8220; background_color_gradient_end=&#8220;#f3f5f9&#8243; global_colors_info=&#8220;{}&#8220;][et_pb_column type=&#8220;1_2&#8243; specialty_columns=&#8220;2&#8243; _builder_version=&#8220;4.16&#8243; custom_padding=&#8220;|||&#8220; global_colors_info=&#8220;{}&#8220; custom_padding__hover=&#8220;|||&#8220;][et_pb_row_inner column_structure=&#8220;1_2,1_2&#8243; _builder_version=&#8220;4.16&#8243; _module_preset=&#8220;default&#8220; custom_margin=&#8220;|||36px|false|false&#8220; custom_margin_tablet=&#8220;|||0px|false|false&#8220; custom_margin_phone=&#8220;|||0px|false|false&#8220; custom_margin_last_edited=&#8220;on|tablet&#8220; sticky_limit_top=&#8220;row&#8220; sticky_limit_bottom=&#8220;row&#8220; motion_trigger_start=&#8220;top&#8220; global_colors_info=&#8220;{}&#8220;][et_pb_column_inner type=&#8220;1_2&#8243; saved_specialty_column_type=&#8220;1_2&#8243; _builder_version=&#8220;4.16&#8243; _module_preset=&#8220;default&#8220; global_colors_info=&#8220;{}&#8220;][et_pb_blurb title=&#8220;CAMELIA STAN&#8220; image=&#8220;https:\/\/kaliadesign.de\/wp-content\/uploads\/2022\/01\/kalia-design-insta-profile-e1641822970234.png&#8220; content_max_width=&#8220;70%&#8220; image_icon_width_tablet=&#8220;70%&#8220; image_icon_width_phone=&#8220;70%&#8220; image_icon_width_last_edited=&#8220;on|phone&#8220; content_max_width_tablet=&#8220;&#8220; content_max_width_phone=&#8220;&#8220; content_max_width_last_edited=&#8220;on|desktop&#8220; _builder_version=&#8220;4.16&#8243; _module_preset=&#8220;default&#8220; header_font=&#8220;Playfair Display Regular|600|||||||&#8220; header_text_color=&#8220;#D08A99&#8243; header_font_size=&#8220;20px&#8220; body_font_size=&#8220;15px&#8220; text_orientation=&#8220;center&#8220; border_radii_image=&#8220;on|252px|252px|252px|252px&#8220; box_shadow_style_image=&#8220;preset3&#8243; box_shadow_vertical_image=&#8220;7px&#8220; box_shadow_blur_image=&#8220;14px&#8220; global_colors_info=&#8220;{}&#8220;]Web- Grafikdesigner[\/et_pb_blurb][\/et_pb_column_inner][et_pb_column_inner type=&#8220;1_2&#8243; saved_specialty_column_type=&#8220;1_2&#8243; _builder_version=&#8220;4.16&#8243; _module_preset=&#8220;default&#8220; custom_padding=&#8220;22px||||false|false&#8220; custom_padding_tablet=&#8220;&#8220; custom_padding_phone=&#8220;&#8220; custom_padding_last_edited=&#8220;on|phone&#8220; global_colors_info=&#8220;{}&#8220;][et_pb_blurb url=&#8220;mailto:info@kaliadesign.de&#8220; url_new_window=&#8220;on&#8220; use_icon=&#8220;on&#8220; font_icon=&#8220;&#xe076;||divi||400&#8243; icon_color=&#8220;#D08A99&#8243; icon_placement=&#8220;left&#8220; image_icon_width=&#8220;22px&#8220; _builder_version=&#8220;4.20.2&#8243; _module_preset=&#8220;default&#8220; body_font_size=&#8220;16px&#8220; custom_margin=&#8220;|||-30px|false|false&#8220; custom_margin_tablet=&#8220;&#8220; custom_margin_phone=&#8220;|||22%|false|false&#8220; custom_margin_last_edited=&#8220;on|tablet&#8220; link_option_url=&#8220;mailto:info@kaliadesign.de&#8220; link_option_url_new_window=&#8220;on&#8220; icon_font_size=&#8220;22px&#8220; global_colors_info=&#8220;{}&#8220;]<\/p>\n<p>info@kaliadesign.de<\/p>\n<p>[\/et_pb_blurb][et_pb_blurb url=&#8220;https:\/\/www.instagram.com\/kalia.design\/&#8220; url_new_window=&#8220;on&#8220; use_icon=&#8220;on&#8220; font_icon=&#8220;&#xe09a;||divi||400&#8243; icon_color=&#8220;#D08A99&#8243; icon_placement=&#8220;left&#8220; image_icon_width=&#8220;22px&#8220; _builder_version=&#8220;4.22.2&#8243; _module_preset=&#8220;default&#8220; body_font_size=&#8220;16px&#8220; custom_margin=&#8220;|||-30px|false|false&#8220; custom_margin_tablet=&#8220;&#8220; custom_margin_phone=&#8220;|||22%|false|false&#8220; custom_margin_last_edited=&#8220;on|tablet&#8220; link_option_url=&#8220;https:\/\/www.instagram.com\/kalia.design\/&#8220; link_option_url_new_window=&#8220;on&#8220; icon_font_size=&#8220;22px&#8220; global_colors_info=&#8220;{}&#8220;]<\/p>\n<p>@kalia.design<\/p>\n<p>[\/et_pb_blurb][et_pb_blurb url=&#8220;https:\/\/www.facebook.com\/designbykalia&#8220; url_new_window=&#8220;on&#8220; use_icon=&#8220;on&#8220; font_icon=&#8220;&#xe093;||divi||400&#8243; icon_color=&#8220;#D08A99&#8243; icon_placement=&#8220;left&#8220; image_icon_width=&#8220;22px&#8220; _builder_version=&#8220;4.20.2&#8243; _module_preset=&#8220;default&#8220; body_font_size=&#8220;16px&#8220; custom_margin=&#8220;|||-30px|false|false&#8220; custom_margin_tablet=&#8220;&#8220; custom_margin_phone=&#8220;|||22%|false|false&#8220; custom_margin_last_edited=&#8220;on|tablet&#8220; link_option_url=&#8220;https:\/\/www.facebook.com\/designbykalia&#8220; link_option_url_new_window=&#8220;on&#8220; icon_font_size=&#8220;22px&#8220; global_colors_info=&#8220;{}&#8220;]<\/p>\n<p>@designbykalia<\/p>\n<p>[\/et_pb_blurb][et_pb_blurb url=&#8220;https:\/\/www.behance.net\/cameliastan1&#8243; url_new_window=&#8220;on&#8220; use_icon=&#8220;on&#8220; font_icon=&#8220;&#xf1b4;||fa||400&#8243; icon_color=&#8220;#D08A99&#8243; icon_placement=&#8220;left&#8220; image_icon_width=&#8220;22px&#8220; _builder_version=&#8220;4.20.2&#8243; _module_preset=&#8220;default&#8220; body_font_size=&#8220;16px&#8220; custom_margin=&#8220;|||-30px|false|false&#8220; custom_margin_tablet=&#8220;&#8220; custom_margin_phone=&#8220;|||22%|false|false&#8220; custom_margin_last_edited=&#8220;on|tablet&#8220; link_option_url=&#8220;https:\/\/www.behance.net\/cameliastan1&#8243; link_option_url_new_window=&#8220;on&#8220; icon_font_size=&#8220;22px&#8220; global_colors_info=&#8220;{}&#8220;]<\/p>\n<p>Camelia Stan<\/p>\n<p>[\/et_pb_blurb][\/et_pb_column_inner][\/et_pb_row_inner][et_pb_row_inner _builder_version=&#8220;4.27.4&#8243; _module_preset=&#8220;default&#8220; global_colors_info=&#8220;{}&#8220;][et_pb_column_inner saved_specialty_column_type=&#8220;1_2&#8243; _builder_version=&#8220;4.27.4&#8243; _module_preset=&#8220;default&#8220; global_colors_info=&#8220;{}&#8220;][et_pb_text _builder_version=&#8220;4.27.4&#8243; _module_preset=&#8220;default&#8220; header_3_font=&#8220;Playfair Display Semibold||||||||&#8220; header_3_text_color=&#8220;#D08A99&#8243; custom_padding=&#8220;10px|10px|10px|10px|true|true&#8220; hover_enabled=&#8220;0&#8243; border_width_all=&#8220;2px&#8220; border_color_all=&#8220;#1F4059&#8243; box_shadow_style=&#8220;preset4&#8243; box_shadow_horizontal=&#8220;6px&#8220; box_shadow_vertical=&#8220;6px&#8220; box_shadow_color=&#8220;#1F4059&#8243; locked=&#8220;off&#8220; global_colors_info=&#8220;{}&#8220; sticky_enabled=&#8220;0&#8243;]<\/p>\n<h3>HINWEIS:<\/h3>\n<p>Ich melde mich in der Regel innerhalb von 48 Stunden per E-Mail zur\u00fcck. Bitte \u00fcberpr\u00fcfen Sie auch immer Ihren Spam-Ordner f\u00fcr meine Antwort, da E-Mails manchmal dorthin gelangen k\u00f6nnen.<\/p>\n<p>[\/et_pb_text][\/et_pb_column_inner][\/et_pb_row_inner][et_pb_row_inner _builder_version=&#8220;4.16&#8243; _module_preset=&#8220;default&#8220; custom_padding=&#8220;0px||0px|||&#8220; sticky_position=&#8220;top&#8220; sticky_limit_top=&#8220;column&#8220; sticky_limit_bottom=&#8220;row&#8220; motion_trigger_start=&#8220;bottom&#8220; sticky_position_tablet=&#8220;none&#8220; sticky_position_phone=&#8220;none&#8220; sticky_position_last_edited=&#8220;on|desktop&#8220; global_colors_info=&#8220;{}&#8220;][et_pb_column_inner saved_specialty_column_type=&#8220;1_2&#8243; _builder_version=&#8220;4.16&#8243; _module_preset=&#8220;default&#8220; global_colors_info=&#8220;{}&#8220;][et_pb_image src=&#8220;https:\/\/kaliadesign.de\/wp-content\/uploads\/2021\/09\/businesscards2.jpg&#8220; title_text=&#8220;businesscards2&#8243; _builder_version=&#8220;4.16&#8243; _module_preset=&#8220;default&#8220; global_colors_info=&#8220;{}&#8220;][\/et_pb_image][\/et_pb_column_inner][\/et_pb_row_inner][\/et_pb_column][et_pb_column type=&#8220;1_2&#8243; _builder_version=&#8220;4.16&#8243; custom_padding=&#8220;|||&#8220; global_colors_info=&#8220;{}&#8220; custom_padding__hover=&#8220;|||&#8220;][et_pb_text _builder_version=&#8220;4.24.0&#8243; _module_preset=&#8220;default&#8220; header_2_font=&#8220;Nunito medium||||||||&#8220; header_2_text_align=&#8220;center&#8220; header_2_text_color=&#8220;#1F4059&#8243; header_2_letter_spacing=&#8220;0.5px&#8220; header_2_line_height=&#8220;1.3em&#8220; custom_margin=&#8220;||0px||false|false&#8220; header_2_font_size_tablet=&#8220;&#8220; header_2_font_size_phone=&#8220;20px&#8220; header_2_font_size_last_edited=&#8220;on|phone&#8220; global_colors_info=&#8220;{}&#8220;]<\/p>\n<h2>Unverbindliche und kostenfreie Kontaktanfrage<\/h2>\n<p>[\/et_pb_text][et_pb_divider color=&#8220;#D08A99&#8243; divider_weight=&#8220;4px&#8220; divider_weight_last_edited=&#8220;off|phone&#8220; _builder_version=&#8220;4.16&#8243; _module_preset=&#8220;default&#8220; width=&#8220;7%&#8220; width_tablet=&#8220;10%&#8220; width_phone=&#8220;14%&#8220; width_last_edited=&#8220;on|desktop&#8220; module_alignment=&#8220;center&#8220; global_colors_info=&#8220;{}&#8220;][\/et_pb_divider][et_pb_contact_form email=&#8220;info@kaliadesign.de&#8220; custom_message=&#8220;%%name%% | %%firmenname%%||et_pb_line_break_holder||%%email%% | %%telefonnummer%%||et_pb_line_break_holder||||et_pb_line_break_holder||Welche Diensteistungen bietet Ihr Unternehmen an? ||et_pb_line_break_holder||%%dienstleistungen%%||et_pb_line_break_holder||||et_pb_line_break_holder||Wie kann ich Ihrem Unternehmen helfen?||et_pb_line_break_holder||%%leistungenwaehlen%%||et_pb_line_break_holder||||et_pb_line_break_holder||Social media:||et_pb_line_break_holder||%%social_media%%||et_pb_line_break_holder||||et_pb_line_break_holder||Wie haben Sie Kalia Design gefunden?||et_pb_line_break_holder||%%kd_gefunden%%||et_pb_line_break_holder||||et_pb_line_break_holder||Nachricht: %%nachricht%%||et_pb_line_break_holder||||et_pb_line_break_holder||DSGVO-Einverst\u00e4ndnis:||et_pb_line_break_holder||%%dsgvo_kontakt_einwilligung%%&#8220; use_redirect=&#8220;on&#8220; redirect_url=&#8220;https:\/\/kaliadesign.de\/&#8220; submit_button_text=&#8220;SENDEN&#8220; _builder_version=&#8220;4.24.2&#8243; _module_preset=&#8220;default&#8220; _unique_id=&#8220;48fef665-cace-47d0-ad37-fbee44715615&#8243; form_field_background_color=&#8220;#F3F5F9&#8243; form_field_text_color=&#8220;#808285&#8243; captcha_font=&#8220;Nunito medium||||||||&#8220; captcha_text_color=&#8220;#D08A99&#8243; captcha_font_size=&#8220;16px&#8220; form_field_font=&#8220;Nunito Light||||||||&#8220; form_field_letter_spacing=&#8220;0.5px&#8220; custom_button=&#8220;on&#8220; button_text_size=&#8220;17px&#8220; button_text_color=&#8220;#FFFFFF&#8220; button_bg_color=&#8220;#1F4059&#8243; button_border_width=&#8220;3px&#8220; button_border_color=&#8220;#1F4059&#8243; button_border_radius=&#8220;12px&#8220; button_font=&#8220;Nunito medium||||||||&#8220; button_icon=&#8220;&#x35;||divi||400&#8243; form_field_font_size_tablet=&#8220;&#8220; form_field_font_size_phone=&#8220;&#8220; form_field_font_size_last_edited=&#8220;on|phone&#8220; button_text_size_tablet=&#8220;17px&#8220; button_text_size_phone=&#8220;16px&#8220; button_text_size_last_edited=&#8220;on|phone&#8220; box_shadow_style_button=&#8220;preset2&#8243; box_shadow_horizontal_button=&#8220;2px&#8220; box_shadow_vertical_button=&#8220;2px&#8220; box_shadow_blur_button=&#8220;7px&#8220; box_shadow_color_button=&#8220;rgba(0,0,0,0.21)&#8220; global_colors_info=&#8220;{}&#8220; button_text_color__hover=&#8220;#1F4059&#8243; button_text_color__hover_enabled=&#8220;on|hover&#8220; button_bg_color__hover=&#8220;#F3F5F9&#8243; button_bg_color__hover_enabled=&#8220;on|desktop&#8220;][et_pb_contact_field field_id=&#8220;name&#8220; field_title=&#8220;Name *&#8220; _builder_version=&#8220;4.16&#8243; global_colors_info=&#8220;{}&#8220; button_text_size__hover_enabled=&#8220;off&#8220; button_one_text_size__hover_enabled=&#8220;off&#8220; button_two_text_size__hover_enabled=&#8220;off&#8220; button_text_color__hover_enabled=&#8220;off&#8220; button_one_text_color__hover_enabled=&#8220;off&#8220; button_two_text_color__hover_enabled=&#8220;off&#8220; button_border_width__hover_enabled=&#8220;off&#8220; button_one_border_width__hover_enabled=&#8220;off&#8220; button_two_border_width__hover_enabled=&#8220;off&#8220; button_border_color__hover_enabled=&#8220;off&#8220; button_one_border_color__hover_enabled=&#8220;off&#8220; button_two_border_color__hover_enabled=&#8220;off&#8220; button_border_radius__hover_enabled=&#8220;off&#8220; button_one_border_radius__hover_enabled=&#8220;off&#8220; button_two_border_radius__hover_enabled=&#8220;off&#8220; button_letter_spacing__hover_enabled=&#8220;off&#8220; button_one_letter_spacing__hover_enabled=&#8220;off&#8220; button_two_letter_spacing__hover_enabled=&#8220;off&#8220; button_bg_color__hover_enabled=&#8220;off&#8220; button_one_bg_color__hover_enabled=&#8220;off&#8220; button_two_bg_color__hover_enabled=&#8220;off&#8220;][\/et_pb_contact_field][et_pb_contact_field field_id=&#8220;firmenname&#8220; field_title=&#8220;Firmenname&#8220; required_mark=&#8220;off&#8220; _builder_version=&#8220;4.16&#8243; global_colors_info=&#8220;{}&#8220; button_text_size__hover_enabled=&#8220;off&#8220; button_one_text_size__hover_enabled=&#8220;off&#8220; button_two_text_size__hover_enabled=&#8220;off&#8220; button_text_color__hover_enabled=&#8220;off&#8220; button_one_text_color__hover_enabled=&#8220;off&#8220; button_two_text_color__hover_enabled=&#8220;off&#8220; button_border_width__hover_enabled=&#8220;off&#8220; button_one_border_width__hover_enabled=&#8220;off&#8220; button_two_border_width__hover_enabled=&#8220;off&#8220; button_border_color__hover_enabled=&#8220;off&#8220; button_one_border_color__hover_enabled=&#8220;off&#8220; button_two_border_color__hover_enabled=&#8220;off&#8220; button_border_radius__hover_enabled=&#8220;off&#8220; button_one_border_radius__hover_enabled=&#8220;off&#8220; button_two_border_radius__hover_enabled=&#8220;off&#8220; button_letter_spacing__hover_enabled=&#8220;off&#8220; button_one_letter_spacing__hover_enabled=&#8220;off&#8220; button_two_letter_spacing__hover_enabled=&#8220;off&#8220; button_bg_color__hover_enabled=&#8220;off&#8220; button_one_bg_color__hover_enabled=&#8220;off&#8220; button_two_bg_color__hover_enabled=&#8220;off&#8220;][\/et_pb_contact_field][et_pb_contact_field field_id=&#8220;email&#8220; field_title=&#8220;E-mail *&#8220; field_type=&#8220;email&#8220; _builder_version=&#8220;4.16&#8243; _module_preset=&#8220;default&#8220; global_colors_info=&#8220;{}&#8220;][\/et_pb_contact_field][et_pb_contact_field field_id=&#8220;telefonnummer&#8220; field_title=&#8220;Telefonnummer&#8220; required_mark=&#8220;off&#8220; _builder_version=&#8220;4.16&#8243; _module_preset=&#8220;default&#8220; global_colors_info=&#8220;{}&#8220;][\/et_pb_contact_field][et_pb_contact_field field_id=&#8220;dienstleistungen&#8220; field_title=&#8220;Welche Dienstleistungen oder Produkte bietet Ihr Unternehmen an? *&#8220; field_type=&#8220;text&#8220; fullwidth_field=&#8220;on&#8220; _builder_version=&#8220;4.16&#8243; _module_preset=&#8220;default&#8220; global_colors_info=&#8220;{}&#8220;][\/et_pb_contact_field][et_pb_contact_field field_id=&#8220;leistungenwaehlen&#8220; field_title=&#8220;Wie kann ich Ihrem Unternehmen helfen? *&#8220; field_type=&#8220;checkbox&#8220; checkbox_options=&#8220;%91{%22value%22:%22Logo + Branding%22,%22checked%22:0,%22dragID%22:-1},{%22value%22:%22Grafikdesign (Flyer, Brosch\u00fcren, Visitenkarte usw.)%22,%22checked%22:0,%22dragID%22:0},{%22value%22:%22Social Media Designs%22,%22checked%22:0,%22dragID%22:1},{%22value%22:%22Webdesign%22,%22checked%22:0,%22dragID%22:2},{%22value%22:%22Online Shop%22,%22checked%22:0,%22dragID%22:3}%93&#8243; fullwidth_field=&#8220;on&#8220; _builder_version=&#8220;4.16&#8243; _module_preset=&#8220;default&#8220; global_colors_info=&#8220;{}&#8220;][\/et_pb_contact_field][et_pb_contact_field field_id=&#8220;sorry&#8220; field_title=&#8220;Leider im Moment mache ich keine Online-Shops, sondern nur normale Websites (bis zu 20 Seiten)&#8220; field_type=&#8220;text&#8220; required_mark=&#8220;off&#8220; fullwidth_field=&#8220;on&#8220; conditional_logic=&#8220;on&#8220; conditional_logic_rules=&#8220;%91{%22field%22:%22leistungenwaehlen%22,%22condition%22:%22is%22,%22value%22:%22Online Shop%22}%93&#8243; _builder_version=&#8220;4.24.2&#8243; _module_preset=&#8220;default&#8220; form_field_background_color=&#8220;RGBA(255,255,255,0)&#8220; form_field_text_color=&#8220;#D08A99&#8243; global_colors_info=&#8220;{}&#8220;][\/et_pb_contact_field][et_pb_contact_field field_id=&#8220;social_media&#8220; field_title=&#8220;Ist Ihr Unternehmen in den sozialen Medien vertreten? Wenn ja, geben Sie bitte den Benutzernamen f\u00fcr jede Plattform ein ( Instagram, Facebook, Youtube, Tiktok etc. ) &#8220; field_type=&#8220;text&#8220; required_mark=&#8220;off&#8220; fullwidth_field=&#8220;on&#8220; _builder_version=&#8220;4.24.2&#8243; _module_preset=&#8220;default&#8220; form_field_font=&#8220;Nunito Light||||||||&#8220; height=&#8220;100px&#8220; global_colors_info=&#8220;{}&#8220;][\/et_pb_contact_field][et_pb_contact_field field_id=&#8220;kd_gefunden&#8220; field_title=&#8220;Wie haben Sie Kalia Design gefunden? *&#8220; field_type=&#8220;checkbox&#8220; checkbox_options=&#8220;%91{%22value%22:%22Instagram%22,%22checked%22:0,%22dragID%22:-1},{%22value%22:%22Facebook%22,%22checked%22:0,%22dragID%22:0},{%22value%22:%22Google%22,%22checked%22:0,%22dragID%22:1},{%22value%22:%22Empfehlung%22,%22checked%22:0,%22dragID%22:2},{%22value%22:%22Ebay Kleinanzeigen%22,%22checked%22:0,%22dragID%22:3},{%22value%22:%22Quoka.de%22,%22checked%22:0,%22dragID%22:4}%93&#8243; fullwidth_field=&#8220;on&#8220; _builder_version=&#8220;4.24.2&#8243; _module_preset=&#8220;default&#8220; global_colors_info=&#8220;{}&#8220;][\/et_pb_contact_field][et_pb_contact_field field_id=&#8220;nachricht&#8220; field_title=&#8220;Ihre Nachricht&#8220; field_type=&#8220;text&#8220; required_mark=&#8220;off&#8220; fullwidth_field=&#8220;on&#8220; _builder_version=&#8220;4.16&#8243; global_colors_info=&#8220;{}&#8220; button_text_size__hover_enabled=&#8220;off&#8220; button_one_text_size__hover_enabled=&#8220;off&#8220; button_two_text_size__hover_enabled=&#8220;off&#8220; button_text_color__hover_enabled=&#8220;off&#8220; button_one_text_color__hover_enabled=&#8220;off&#8220; button_two_text_color__hover_enabled=&#8220;off&#8220; button_border_width__hover_enabled=&#8220;off&#8220; button_one_border_width__hover_enabled=&#8220;off&#8220; button_two_border_width__hover_enabled=&#8220;off&#8220; button_border_color__hover_enabled=&#8220;off&#8220; button_one_border_color__hover_enabled=&#8220;off&#8220; button_two_border_color__hover_enabled=&#8220;off&#8220; button_border_radius__hover_enabled=&#8220;off&#8220; button_one_border_radius__hover_enabled=&#8220;off&#8220; button_two_border_radius__hover_enabled=&#8220;off&#8220; button_letter_spacing__hover_enabled=&#8220;off&#8220; button_one_letter_spacing__hover_enabled=&#8220;off&#8220; button_two_letter_spacing__hover_enabled=&#8220;off&#8220; button_bg_color__hover_enabled=&#8220;off&#8220; button_one_bg_color__hover_enabled=&#8220;off&#8220; button_two_bg_color__hover_enabled=&#8220;off&#8220;][\/et_pb_contact_field][et_pb_contact_field field_id=&#8220;dsgvo_kontakt_einwilligung&#8220; field_title=&#8220;DSGVO-Einverst\u00e4ndnis&#8220; field_type=&#8220;checkbox&#8220; checkbox_options=&#8220;%91{%22value%22:%22Ich habe die Datenschutzerkl\u00e4rung zur Kenntnis genommen. Ich stimme zu, dass meine Angaben und Daten zur Beantwortung meiner Anfrage elektronisch erhoben und gespeichert werden. %22,%22checked%22:0,%22dragID%22:-1,%22link_url%22:%22https:\/\/kaliadesign.de\/datenschutzaerklaerung\/%22,%22link_text%22:%22Datenschutzerkl\u00e4rung%22}%93&#8243; fullwidth_field=&#8220;on&#8220; _builder_version=&#8220;4.16&#8243; _module_preset=&#8220;default&#8220; link_option_url_new_window=&#8220;on&#8220; global_colors_info=&#8220;{}&#8220;][\/et_pb_contact_field][\/et_pb_contact_form][\/et_pb_column][\/et_pb_section]<\/p>\n","protected":false},"excerpt":{"rendered":"<p>KONTAKT Ich freue mich sehr, dass Sie an eine Zusammenarbeit mit mir denken! Der erste Schritt besteht darin, das Kontaktformular auszuf\u00fcllen oder mir eine E-Mail mit all Ihren Fragen und einigen Details zu Ihrem Unternehmen zu senden und wie Sie denken, dass ich Ihnen helfen kann. Ich melde mich in der Regel innerhalb von 48 [&hellip;]<\/p>\n","protected":false},"author":1,"featured_media":0,"parent":0,"menu_order":0,"comment_status":"closed","ping_status":"closed","template":"","meta":{"_et_pb_use_builder":"on","_et_pb_old_content":"","_et_gb_content_width":"","footnotes":""},"class_list":["post-313","page","type-page","status-publish","hentry"],"_links":{"self":[{"href":"https:\/\/kaliadesign.de\/en\/wp-json\/wp\/v2\/pages\/313","targetHints":{"allow":["GET"]}}],"collection":[{"href":"https:\/\/kaliadesign.de\/en\/wp-json\/wp\/v2\/pages"}],"about":[{"href":"https:\/\/kaliadesign.de\/en\/wp-json\/wp\/v2\/types\/page"}],"author":[{"embeddable":true,"href":"https:\/\/kaliadesign.de\/en\/wp-json\/wp\/v2\/users\/1"}],"replies":[{"embeddable":true,"href":"https:\/\/kaliadesign.de\/en\/wp-json\/wp\/v2\/comments?post=313"}],"version-history":[{"count":10,"href":"https:\/\/kaliadesign.de\/en\/wp-json\/wp\/v2\/pages\/313\/revisions"}],"predecessor-version":[{"id":26497,"href":"https:\/\/kaliadesign.de\/en\/wp-json\/wp\/v2\/pages\/313\/revisions\/26497"}],"wp:attachment":[{"href":"https:\/\/kaliadesign.de\/en\/wp-json\/wp\/v2\/media?parent=313"}],"curies":[{"name":"wp","href":"https:\/\/api.w.org\/{rel}","templated":true}]}}